{"id":149,"date":"2020-10-05T13:10:41","date_gmt":"2020-10-05T13:10:41","guid":{"rendered":"http:\/\/innwithemes.com\/composer\/?page_id=149"},"modified":"2022-02-10T13:07:57","modified_gmt":"2022-02-10T13:07:57","slug":"implantes-dentales-alicante","status":"publish","type":"page","link":"https:\/\/dueline.es\/l\/","title":{"rendered":"Implantes Dentales 800"},"content":{"rendered":"<p>[vc_row full_width=&#8221;stretch_row&#8221; bg_type=&#8221;image&#8221; seperator_enable=&#8221;seperator_enable_value&#8221; seperator_type=&#8221;tilt_left_seperator&#8221; seperator_position=&#8221;bottom_seperator&#8221; seperator_svg_height=&#8221;60&#8243; seperator_shape_background=&#8221;#ffffff&#8221; css=&#8221;.vc_custom_1602777981479{padding-top: 80px !important;padding-bottom: 90px !important;background-image: url(https:\/\/dueline.es\/l\/wp-content\/uploads\/2020\/10\/p-implantes-dentales.jpg?id=151) !important;background-position: center !important;background-repeat: no-repeat !important;background-size: cover !important;}&#8221;][vc_column width=&#8221;2\/3&#8243;]<div id=\"ultimate-heading-585869e4961fbc113\" class=\"uvc-heading ult-adjust-bottom-margin ultimate-heading-585869e4961fbc113 uvc-3615 \" data-hspacer=\"no_spacer\"  data-halign=\"left\" style=\"text-align:left\"><div class=\"uvc-heading-spacer no_spacer\" style=\"top\"><\/div><div class=\"uvc-main-heading ult-responsive\"  data-ultimate-target='.uvc-heading.ultimate-heading-585869e4961fbc113 h1'  data-responsive-json-new='{\"font-size\":\"desktop:40px;mobile:30px;\",\"line-height\":\"desktop:55px;mobile:40px;\"}' ><h1 style=\"font-family:&#039;Poppins&#039;;font-weight:700;color:#ffffff;margin-bottom:20px;\">Tu Implante Dental COMPLETO 800\u20ac \u00a1Sin Sorpresas!<\/h1><\/div><div class=\"uvc-sub-heading ult-responsive\"  data-ultimate-target='.uvc-heading.ultimate-heading-585869e4961fbc113 .uvc-sub-heading '  data-responsive-json-new='{\"font-size\":\"desktop:18px;\",\"line-height\":\"desktop:34px;\"}'  style=\"font-family:&#039;Raleway&#039;;font-weight:normal;color:#ffffff;margin-bottom:40px;\"><strong>NO SOMOS FRANQUICIA<\/strong>. Nuestros m\u00e1s de 25 a\u00f1os de experiencia en el sector de la implantolog\u00eda dental nos permiten ofrecerte un servicio cualificado y de calidad en Alicante, Avenida Pintor Xavier Soler, 8.<\/div><\/div><div class=\"smile_icon_list_wrap ult_info_list_container ult-adjust-bottom-margin  \"><ul class=\"smile_icon_list left square with_bg\"><li class=\"icon_list_item\" style=\" font-size:48px;\"><div class=\"icon_list_icon\" data-animation=\"\" data-animation-delay=\"03\" style=\"font-size:16px;border-width:1px;border-style:none;background:#ffffff;color:#81d742;border-color:#333333;\"><i class=\"Defaults-check\" ><\/i><\/div><div class=\"icon_description\" id=\"Info-list-wrap-6685\" style=\"font-size:16px;\"><h3 class=\"ult-responsive info-list-heading\"  data-ultimate-target='#Info-list-wrap-6685 h3'  data-responsive-json-new='{\"font-size\":\"desktop:16px;\",\"line-height\":\"desktop:24px;\"}'  style=\"color:#ffffff;\">Precio sin sorpresas: 800\u20ac o menos de 40\u20ac al mes, financiado a 24 meses sin intereses<\/h3><div class=\"icon_description_text ult-responsive\"  data-ultimate-target='#Info-list-wrap-6685 .icon_description_text'  data-responsive-json-new='{\"font-size\":\"desktop:17px;\",\"line-height\":\"desktop:25px;\"}'  style=\"color:#ffffff;\"><p>Sin precios ocultos. Implante m\u00e1s corona: completo. Promoci\u00f3n v\u00e1lida SOLO hasta final de mes.<\/p>\n<\/div><\/div><div class=\"icon_list_connector\"  style=\"border-right-width: 1px;border-right-style: dashed;border-color: #333333;\"><\/div><\/li><li class=\"icon_list_item\" style=\" font-size:48px;\"><div class=\"icon_list_icon\" data-animation=\"\" data-animation-delay=\"03\" style=\"font-size:16px;border-width:1px;border-style:none;background:#ffffff;color:#81d742;border-color:#333333;\"><i class=\"Defaults-check\" ><\/i><\/div><div class=\"icon_description\" id=\"Info-list-wrap-6519\" style=\"font-size:16px;\"><h3 class=\"ult-responsive info-list-heading\"  data-ultimate-target='#Info-list-wrap-6519 h3'  data-responsive-json-new='{\"font-size\":\"desktop:16px;\",\"line-height\":\"desktop:24px;\"}'  style=\"color:#ffffff;\">Implantes dentales de la mejor calidad<\/h3><div class=\"icon_description_text ult-responsive\"  data-ultimate-target='#Info-list-wrap-6519 .icon_description_text'  data-responsive-json-new='{\"font-size\":\"desktop:13px;\",\"line-height\":\"desktop:18px;\"}'  style=\"\"><\/div><\/div><div class=\"icon_list_connector\"  style=\"border-right-width: 1px;border-right-style: dashed;border-color: #333333;\"><\/div><\/li><\/ul><\/div>[\/vc_column][vc_column width=&#8221;1\/3&#8243; css=&#8221;.vc_custom_1602777998762{padding-top: 30px !important;padding-bottom: 30px !important;background-color: #ffffff !important;}&#8221;]<div id=\"ultimate-heading-961969e4961fbc3b1\" class=\"uvc-heading ult-adjust-bottom-margin ultimate-heading-961969e4961fbc3b1 uvc-9386 \" data-hspacer=\"no_spacer\"  data-halign=\"center\" style=\"text-align:center\"><div class=\"uvc-heading-spacer no_spacer\" style=\"top\"><\/div><div class=\"uvc-main-heading ult-responsive\"  data-ultimate-target='.uvc-heading.ultimate-heading-961969e4961fbc3b1 h2'  data-responsive-json-new='{\"font-size\":\"desktop:28px;mobile:20px;\",\"line-height\":\"desktop:38px;mobile:30px;\"}' ><h2 style=\"font-family:&#039;Poppins&#039;;font-weight:700;color:#000000;margin-bottom:20px;\">Te llamamos GRATIS<\/h2><\/div><div class=\"uvc-sub-heading ult-responsive\"  data-ultimate-target='.uvc-heading.ultimate-heading-961969e4961fbc3b1 .uvc-sub-heading '  data-responsive-json-new='{\"font-size\":\"desktop:16px;\",\"line-height\":\"desktop:28px;\"}'  style=\"font-family:&#039;Raleway&#039;;font-weight:normal;color:#000000;margin-bottom:20px;\">\ud83d\udc47 Con\u00f3cenos en tu 1\u00aa Revisi\u00f3n GRATUITA \ud83d\udc47<\/div><\/div><div role=\"form\" class=\"wpcf7\" id=\"wpcf7-f153-o1\" lang=\"es-ES\" dir=\"ltr\">\n<div class=\"screen-reader-response\" role=\"alert\" aria-live=\"polite\"><\/div>\n<form action=\"\/l\/wp-json\/wp\/v2\/pages\/149#wpcf7-f153-o1\" method=\"post\" class=\"wpcf7-form init\" novalidate=\"novalidate\">\n<div style=\"display: none;\">\n<input type=\"hidden\" name=\"_wpcf7\" value=\"153\" \/>\n<input type=\"hidden\" name=\"_wpcf7_version\" value=\"5.2.2\" \/>\n<input type=\"hidden\" name=\"_wpcf7_locale\" value=\"es_ES\" \/>\n<input type=\"hidden\" name=\"_wpcf7_unit_tag\" value=\"wpcf7-f153-o1\" \/>\n<input type=\"hidden\" name=\"_wpcf7_container_post\" value=\"0\" \/>\n<input type=\"hidden\" name=\"_wpcf7_posted_data_hash\" value=\"\" \/>\n<\/div>\n<p><label> Nombre completo<br \/>\n    <span class=\"wpcf7-form-control-wrap your-name\"><input type=\"text\" name=\"your-name\" value=\"\" size=\"40\" class=\"wpcf7-form-control wpcf7-text wpcf7-validates-as-required\" aria-required=\"true\" aria-invalid=\"false\" placeholder=\"Escribe tu nombre\" \/><\/span> <\/label><\/p>\n<p><label> N\u00famero de Tel\u00e9fono<br \/>\n    <span class=\"wpcf7-form-control-wrap telefono\"><input type=\"tel\" name=\"telefono\" value=\"\" size=\"40\" class=\"wpcf7-form-control wpcf7-text wpcf7-tel wpcf7-validates-as-required wpcf7-validates-as-tel\" aria-required=\"true\" aria-invalid=\"false\" placeholder=\"N\u00famero de tel\u00e9fono\" \/><\/span> <\/label><\/p>\n<p><label> \u00bfCu\u00e1ndo prefieres que te llamemos?<br \/>\n<span class=\"wpcf7-form-control-wrap horario\"><select name=\"horario\" class=\"wpcf7-form-control wpcf7-select\" aria-invalid=\"false\"><option value=\"Por la ma\u00f1ana\">Por la ma\u00f1ana<\/option><option value=\"A mediod\u00eda\">A mediod\u00eda<\/option><option value=\"Por la tarde\">Por la tarde<\/option><\/select><\/span><br \/>\n<\/label><br \/>\n<span class=\"wpcf7-form-control-wrap rgpd\"><span class=\"wpcf7-form-control wpcf7-acceptance\"><span class=\"wpcf7-list-item\"><label><input type=\"checkbox\" name=\"rgpd\" value=\"1\" aria-invalid=\"false\" \/><span class=\"wpcf7-list-item-label\">Acepto la Pol\u00edtica de Privacidad de DUELINE<\/span><\/label><\/span><\/span><\/span><\/p>\n<p><input type=\"submit\" value=\"Quiero que me llam\u00e9is\" class=\"wpcf7-form-control wpcf7-submit\" \/><\/p>\n<div class=\"wpcf7-response-output\" role=\"alert\" aria-hidden=\"true\"><\/div><\/form><\/div>[\/vc_column][\/vc_row][vc_row full_width=&#8221;stretch_row&#8221; content_placement=&#8221;middle&#8221; css=&#8221;.vc_custom_1461111873090{border-bottom-width: 1px !important;padding-top: 65px !important;padding-bottom: 65px !important;border-bottom-color: #ededed !important;border-bottom-style: solid !important;}&#8221;][vc_column width=&#8221;1\/2&#8243;]<div id=\"ultimate-heading-486169e4961fc114e\" class=\"uvc-heading ult-adjust-bottom-margin ultimate-heading-486169e4961fc114e uvc-450 \" data-hspacer=\"no_spacer\"  data-halign=\"left\" style=\"text-align:left\"><div class=\"uvc-heading-spacer no_spacer\" style=\"top\"><\/div><div class=\"uvc-main-heading ult-responsive\"  data-ultimate-target='.uvc-heading.ultimate-heading-486169e4961fc114e h2'  data-responsive-json-new='{\"font-size\":\"desktop:18px;\",\"line-height\":\"\"}' ><h2 style=\"font-family:&#039;Poppins&#039;;font-weight:300;color:#939393;\">Conoce DUELINE: \u00a1nosotros queremos conocerte!<\/h2><\/div><\/div><div class=\"gradient-text-con align-left\"><div class=\"gradient-text\" style=\"color:#33cdd7;\r\n\t\t\t\t\t    background: -webkit-linear-gradient(left, #33cdd7,#2f4797);background-color:transparent;font-size: 42px;\">Cercan\u00eda y experiencia equivale a dentistas de confianza<\/div><\/div><div id=\"ultimate-heading-684569e4961fc1206\" class=\"uvc-heading ult-adjust-bottom-margin ultimate-heading-684569e4961fc1206 uvc-1526 \" data-hspacer=\"no_spacer\"  data-halign=\"left\" style=\"text-align:left\"><div class=\"uvc-heading-spacer no_spacer\" style=\"top\"><\/div><div class=\"uvc-sub-heading ult-responsive\"  data-ultimate-target='.uvc-heading.ultimate-heading-684569e4961fc1206 .uvc-sub-heading '  data-responsive-json-new='{\"font-size\":\"desktop:16px;\",\"line-height\":\"desktop:34px;\"}'  style=\"font-family:&#039;Raleway&#039;;font-weight:normal;color:#777777;\">Llevamos m\u00e1s de 25 a\u00f1os acumulados de experiencia en implantolog\u00eda dental. En definitiva, a <strong>dar soluciones justas a tus necesidades dentales<\/strong>. Toda la experiencia acumulada, tiene como resultado ofrecer los mejores materiales y cuidados. Nuestro equipo est\u00e1 aqu\u00ed para cuidarte y brindarte la confianza que necesitas. <strong>No somos franquicia<\/strong>.<\/div><\/div>[\/vc_column][vc_column width=&#8221;1\/2&#8243;][vc_single_image image=&#8221;154&#8243; img_size=&#8221;full&#8221; css_animation=&#8221;right-to-left&#8221;][\/vc_column][\/vc_row][vc_row full_width=&#8221;stretch_row&#8221; css=&#8221;.vc_custom_1602778636134{padding-top: 75px !important;padding-bottom: 90px !important;background-color: #f2f2f2 !important;}&#8221;][vc_column][vc_row_inner][vc_column_inner width=&#8221;1\/6&#8243;][\/vc_column_inner][vc_column_inner width=&#8221;2\/3&#8243;]<div class=\"gradient-text-con \"><div class=\"gradient-text\" style=\"color:#33cdd7;\r\n\t\t\t\t\t    background: -webkit-linear-gradient(left, #33cdd7,#2f4797);background-color:transparent;font-size: 42px;\">Recupera tu sonrisa y mastica con seguridad como nunca<\/div><\/div>[\/vc_column_inner][vc_column_inner width=&#8221;1\/6&#8243;][\/vc_column_inner][\/vc_row_inner][\/vc_column][\/vc_row][vc_row full_width=&#8221;stretch_row&#8221; css=&#8221;.vc_custom_1602778871797{border-bottom-width: 1px !important;padding-top: 120px !important;padding-bottom: 110px !important;background-image: url(https:\/\/dueline.es\/l\/wp-content\/uploads\/2020\/10\/p-implantes-dentales.jpg?id=151) !important;border-bottom-color: #ededed !important;border-bottom-style: solid !important;}&#8221;][vc_column]<div id=\"ultimate-heading-331669e4961fc1281\" class=\"uvc-heading ult-adjust-bottom-margin ultimate-heading-331669e4961fc1281 uvc-2116 \" data-hspacer=\"no_spacer\"  data-halign=\"center\" style=\"text-align:center\"><div class=\"uvc-heading-spacer no_spacer\" style=\"top\"><\/div><div class=\"uvc-main-heading ult-responsive\"  data-ultimate-target='.uvc-heading.ultimate-heading-331669e4961fc1281 h1'  data-responsive-json-new='{\"font-size\":\"desktop:55px;mobile:30px;\",\"line-height\":\"desktop:66px;mobile:40px;\"}' ><h1 style=\"font-family:&#039;Poppins&#039;;font-weight:700;color:#ffffff;margin-bottom:20px;\">RAZONES PARA VENIR A DUELINE<\/h1><\/div><div class=\"uvc-sub-heading ult-responsive\"  data-ultimate-target='.uvc-heading.ultimate-heading-331669e4961fc1281 .uvc-sub-heading '  data-responsive-json-new='{\"font-size\":\"desktop:18px;\",\"line-height\":\"desktop:34px;\"}'  style=\"font-family:&#039;Raleway&#039;;font-weight:normal;color:#ffffff;margin-bottom:20px;\"><\/p>\n<p style=\"text-align: center;\"><strong>Queremos darte lo mejor<\/strong> y convertirnos en <strong>tus Dentistas de Confianza<\/strong> en Alicante<\/p>\n<p><\/div><\/div>[vc_row_inner equal_height=&#8221;yes&#8221; gap=&#8221;35&#8243; css=&#8221;.vc_custom_1602779715208{padding-top: 50px !important;padding-bottom: 100px !important;}&#8221;][vc_column_inner width=&#8221;1\/2&#8243; css=&#8221;.vc_custom_1602778995052{background-color: #ffffff !important;}&#8221;]<div class=\"pix-icons clearfix center \"><span class=\"icon pixicon-basic-cup gradient icon-circle\" style=\"font-size:83px;color:#33cdd7;\r\n\t\t    \t\t\t\t       background: -webkit-linear-gradient(left, #33cdd7,#2f4797);\"><\/span><\/div><div id=\"ultimate-heading-917369e4961fc1310\" class=\"uvc-heading ult-adjust-bottom-margin ultimate-heading-917369e4961fc1310 uvc-9093 \" data-hspacer=\"no_spacer\"  data-halign=\"center\" style=\"text-align:center\"><div class=\"uvc-heading-spacer no_spacer\" style=\"top\"><\/div><div class=\"uvc-main-heading ult-responsive\"  data-ultimate-target='.uvc-heading.ultimate-heading-917369e4961fc1310 h2'  data-responsive-json-new='{\"font-size\":\"desktop:16px;\",\"line-height\":\"desktop:34px;\"}' ><h2 style=\"font-family:&#039;Raleway&#039;;font-weight:bold;color:#777777;margin-top:20px;\">Revisi\u00f3n Dental y Estudio GRATIS<\/h2><\/div><div class=\"uvc-sub-heading ult-responsive\"  data-ultimate-target='.uvc-heading.ultimate-heading-917369e4961fc1310 .uvc-sub-heading '  data-responsive-json-new='{\"font-size\":\"desktop:15px;\",\"line-height\":\"desktop:25px;\"}'  style=\"font-weight:normal;\">Durante la cita, realizaremos una revisi\u00f3n general a tus dientes, y valoraremos el implante que necesitas totalmente gratis.<\/div><\/div>[vc_empty_space height=&#8221;70px&#8221;][\/vc_column_inner][vc_column_inner width=&#8221;1\/2&#8243; css=&#8221;.vc_custom_1602779004732{background-color: #ffffff !important;}&#8221;]<div class=\"pix-icons clearfix center \"><span class=\"icon pixicon-basic-download gradient icon-circle\" style=\"font-size:83px;color:#33cdd7;\r\n\t\t    \t\t\t\t       background: -webkit-linear-gradient(left, #33cdd7,#2f4797);\"><\/span><\/div><div id=\"ultimate-heading-607269e4961fc137a\" class=\"uvc-heading ult-adjust-bottom-margin ultimate-heading-607269e4961fc137a uvc-7417 \" data-hspacer=\"no_spacer\"  data-halign=\"center\" style=\"text-align:center\"><div class=\"uvc-heading-spacer no_spacer\" style=\"top\"><\/div><div class=\"uvc-main-heading ult-responsive\"  data-ultimate-target='.uvc-heading.ultimate-heading-607269e4961fc137a h2'  data-responsive-json-new='{\"font-size\":\"desktop:16px;\",\"line-height\":\"desktop:34px;\"}' ><h2 style=\"font-family:&#039;Raleway&#039;;font-weight:bold;color:#777777;margin-top:20px;\">Diagn\u00f3stico transparente<\/h2><\/div><div class=\"uvc-sub-heading ult-responsive\"  data-ultimate-target='.uvc-heading.ultimate-heading-607269e4961fc137a .uvc-sub-heading '  data-responsive-json-new='{\"font-size\":\"desktop:15px;\",\"line-height\":\"desktop:25px;\"}'  style=\"font-weight:normal;\">No tenemos m\u00e1s intenci\u00f3n que trabajar haciendo lo mejor que sabemos, por ello nuestro diagn\u00f3stico no tiene como fin venderte m\u00e1s de lo que necesitas.<\/div><\/div>[vc_empty_space height=&#8221;70px&#8221;][\/vc_column_inner][\/vc_row_inner][\/vc_column][\/vc_row][vc_row][vc_column][vc_row_inner][vc_column_inner width=&#8221;1\/6&#8243;][\/vc_column_inner][vc_column_inner width=&#8221;2\/3&#8243;]<div id=\"ultimate-heading-364569e4961fc13c6\" class=\"uvc-heading ult-adjust-bottom-margin ultimate-heading-364569e4961fc13c6 uvc-6990 \" data-hspacer=\"no_spacer\"  data-halign=\"center\" style=\"text-align:center\"><div class=\"uvc-heading-spacer no_spacer\" style=\"top\"><\/div><div class=\"uvc-main-heading ult-responsive\"  data-ultimate-target='.uvc-heading.ultimate-heading-364569e4961fc13c6 h2'  data-responsive-json-new='{\"font-size\":\"desktop:28px;mobile:20px;\",\"line-height\":\"desktop:38px;mobile:30px;\"}' ><h2 style=\"font-family:&#039;Poppins&#039;;font-weight:700;color:#000000;margin-bottom:20px;\">TE LLAMAMOS Y CONCERTAMOS TU REVISI\u00d3N GRATUITA<\/h2><\/div><div class=\"uvc-sub-heading ult-responsive\"  data-ultimate-target='.uvc-heading.ultimate-heading-364569e4961fc13c6 .uvc-sub-heading '  data-responsive-json-new='{\"font-size\":\"desktop:16px;\",\"line-height\":\"desktop:28px;\"}'  style=\"font-family:&#039;Raleway&#039;;font-weight:normal;color:#000000;margin-bottom:20px;\"><strong>\u00a1HOY es el mejor d\u00eda!<br \/>\n<\/strong><\/div><\/div><div role=\"form\" class=\"wpcf7\" id=\"wpcf7-f153-o2\" lang=\"es-ES\" dir=\"ltr\">\n<div class=\"screen-reader-response\" role=\"alert\" aria-live=\"polite\"><\/div>\n<form action=\"\/l\/wp-json\/wp\/v2\/pages\/149#wpcf7-f153-o2\" method=\"post\" class=\"wpcf7-form init\" novalidate=\"novalidate\">\n<div style=\"display: none;\">\n<input type=\"hidden\" name=\"_wpcf7\" value=\"153\" \/>\n<input type=\"hidden\" name=\"_wpcf7_version\" value=\"5.2.2\" \/>\n<input type=\"hidden\" name=\"_wpcf7_locale\" value=\"es_ES\" \/>\n<input type=\"hidden\" name=\"_wpcf7_unit_tag\" value=\"wpcf7-f153-o2\" \/>\n<input type=\"hidden\" name=\"_wpcf7_container_post\" value=\"0\" \/>\n<input type=\"hidden\" name=\"_wpcf7_posted_data_hash\" value=\"\" \/>\n<\/div>\n<p><label> Nombre completo<br \/>\n    <span class=\"wpcf7-form-control-wrap your-name\"><input type=\"text\" name=\"your-name\" value=\"\" size=\"40\" class=\"wpcf7-form-control wpcf7-text wpcf7-validates-as-required\" aria-required=\"true\" aria-invalid=\"false\" placeholder=\"Escribe tu nombre\" \/><\/span> <\/label><\/p>\n<p><label> N\u00famero de Tel\u00e9fono<br \/>\n    <span class=\"wpcf7-form-control-wrap telefono\"><input type=\"tel\" name=\"telefono\" value=\"\" size=\"40\" class=\"wpcf7-form-control wpcf7-text wpcf7-tel wpcf7-validates-as-required wpcf7-validates-as-tel\" aria-required=\"true\" aria-invalid=\"false\" placeholder=\"N\u00famero de tel\u00e9fono\" \/><\/span> <\/label><\/p>\n<p><label> \u00bfCu\u00e1ndo prefieres que te llamemos?<br \/>\n<span class=\"wpcf7-form-control-wrap horario\"><select name=\"horario\" class=\"wpcf7-form-control wpcf7-select\" aria-invalid=\"false\"><option value=\"Por la ma\u00f1ana\">Por la ma\u00f1ana<\/option><option value=\"A mediod\u00eda\">A mediod\u00eda<\/option><option value=\"Por la tarde\">Por la tarde<\/option><\/select><\/span><br \/>\n<\/label><br \/>\n<span class=\"wpcf7-form-control-wrap rgpd\"><span class=\"wpcf7-form-control wpcf7-acceptance\"><span class=\"wpcf7-list-item\"><label><input type=\"checkbox\" name=\"rgpd\" value=\"1\" aria-invalid=\"false\" \/><span class=\"wpcf7-list-item-label\">Acepto la Pol\u00edtica de Privacidad de DUELINE<\/span><\/label><\/span><\/span><\/span><\/p>\n<p><input type=\"submit\" value=\"Quiero que me llam\u00e9is\" class=\"wpcf7-form-control wpcf7-submit\" \/><\/p>\n<div class=\"wpcf7-response-output\" role=\"alert\" aria-hidden=\"true\"><\/div><\/form><\/div>[\/vc_column_inner][vc_column_inner width=&#8221;1\/6&#8243;][\/vc_column_inner][\/vc_row_inner][\/vc_column][\/vc_row]<\/p>\n","protected":false},"excerpt":{"rendered":"<p>[vc_row full_width=&#8221;stretch_row&#8221; bg_type=&#8221;image&#8221; seperator_enable=&#8221;seperator_enable_value&#8221; seperator_type=&#8221;tilt_left_seperator&#8221; seperator_position=&#8221;bottom_seperator&#8221; seperator_svg_height=&#8221;60&#8243; seperator_shape_background=&#8221;#ffffff&#8221; css=&#8221;.vc_custom_1602777981479{padding-top: 80px !important;padding-bottom: 90px !important;background-image: url(https:\/\/dueline.es\/l\/wp-content\/uploads\/2020\/10\/p-implantes-dentales.jpg?id=151) !important;background-position: center !important;background-repeat: no-repeat !important;background-size: cover !important;}&#8221;][vc_column width=&#8221;2\/3&#8243;][\/vc_column][vc_column width=&#8221;1\/3&#8243; css=&#8221;.vc_custom_1602777998762{padding-top: 30px !important;padding-bottom: 30px !important;background-color: #ffffff !important;}&#8221;][\/vc_column][\/vc_row][vc_row full_width=&#8221;stretch_row&#8221; content_placement=&#8221;middle&#8221; css=&#8221;.vc_custom_1461111873090{border-bottom-width: 1px !important;padding-top: 65px !important;padding-bottom: 65px !important;border-bottom-color: #ededed&#8230;<\/p>\n","protected":false},"author":1,"featured_media":0,"parent":0,"menu_order":0,"comment_status":"closed","ping_status":"closed","template":"","meta":[],"_links":{"self":[{"href":"https:\/\/dueline.es\/l\/wp-json\/wp\/v2\/pages\/149"}],"collection":[{"href":"https:\/\/dueline.es\/l\/wp-json\/wp\/v2\/pages"}],"about":[{"href":"https:\/\/dueline.es\/l\/wp-json\/wp\/v2\/types\/page"}],"author":[{"embeddable":true,"href":"https:\/\/dueline.es\/l\/wp-json\/wp\/v2\/users\/1"}],"replies":[{"embeddable":true,"href":"https:\/\/dueline.es\/l\/wp-json\/wp\/v2\/comments?post=149"}],"version-history":[{"count":26,"href":"https:\/\/dueline.es\/l\/wp-json\/wp\/v2\/pages\/149\/revisions"}],"predecessor-version":[{"id":375,"href":"https:\/\/dueline.es\/l\/wp-json\/wp\/v2\/pages\/149\/revisions\/375"}],"wp:attachment":[{"href":"https:\/\/dueline.es\/l\/wp-json\/wp\/v2\/media?parent=149"}],"curies":[{"name":"wp","href":"https:\/\/api.w.org\/{rel}","templated":true}]}}